{"id":194,"date":"2019-12-02T15:16:46","date_gmt":"2019-12-02T14:16:46","guid":{"rendered":"https:\/\/www.lerelaisdesdeuxvallees.fr\/?page_id=194"},"modified":"2024-09-03T12:20:48","modified_gmt":"2024-09-03T10:20:48","slug":"restaurant","status":"publish","type":"page","link":"https:\/\/www.lerelaisdesdeuxvallees.fr\/en\/restaurant\/","title":{"rendered":"Restaurant"},"content":{"rendered":"<div data-elementor-type=\"wp-page\" data-elementor-id=\"194\" class=\"elementor elementor-194\" data-elementor-post-type=\"page\">\n\t\t\t\t\t\t<section class=\"elementor-section elementor-top-section elementor-element elementor-element-55b7311 elementor-section-full_width elementor-section-height-default elementor-section-height-default\" data-id=\"55b7311\" data-element_type=\"section\" data-e-type=\"section\" data-settings=\"{&quot;background_background&quot;:&quot;classic&quot;}\">\n\t\t\t\t\t\t<div class=\"elementor-container elementor-column-gap-default\">\n\t\t\t\t\t<div class=\"elementor-column elementor-col-100 elementor-top-column elementor-element elementor-element-f3fccea\" data-id=\"f3fccea\" data-element_type=\"column\" data-e-type=\"column\">\n\t\t\t<div class=\"elementor-widget-wrap elementor-element-populated\">\n\t\t\t\t\t\t<div class=\"elementor-element elementor-element-bf2d263 elementor-widget elementor-widget-heading\" data-id=\"bf2d263\" data-element_type=\"widget\" data-e-type=\"widget\" data-widget_type=\"heading.default\">\n\t\t\t\t<div class=\"elementor-widget-container\">\n\t\t\t\t\t<h1 class=\"elementor-heading-title elementor-size-default\">The restaurant<\/h1>\t\t\t\t<\/div>\n\t\t\t\t<\/div>\n\t\t\t\t\t<\/div>\n\t\t<\/div>\n\t\t\t\t\t<\/div>\n\t\t<\/section>\n\t\t\t\t<section class=\"elementor-section elementor-top-section elementor-element elementor-element-7ccb339 elementor-reverse-mobile elementor-section-boxed elementor-section-height-default elementor-section-height-default\" data-id=\"7ccb339\" data-element_type=\"section\" data-e-type=\"section\">\n\t\t\t\t\t\t<div class=\"elementor-container elementor-column-gap-default\">\n\t\t\t\t\t<div class=\"elementor-column elementor-col-50 elementor-top-column elementor-element elementor-element-25c1e53\" data-id=\"25c1e53\" data-element_type=\"column\" data-e-type=\"column\">\n\t\t\t<div class=\"elementor-widget-wrap elementor-element-populated\">\n\t\t\t\t\t\t<div class=\"elementor-element elementor-element-3b3f08c elementor-arrows-position-outside elementor-pagination-position-outside elementor-widget elementor-widget-image-carousel\" data-id=\"3b3f08c\" data-element_type=\"widget\" data-e-type=\"widget\" data-settings=\"{&quot;slides_to_show&quot;:&quot;1&quot;,&quot;navigation&quot;:&quot;both&quot;,&quot;autoplay&quot;:&quot;yes&quot;,&quot;pause_on_hover&quot;:&quot;yes&quot;,&quot;pause_on_interaction&quot;:&quot;yes&quot;,&quot;autoplay_speed&quot;:5000,&quot;infinite&quot;:&quot;yes&quot;,&quot;effect&quot;:&quot;slide&quot;,&quot;speed&quot;:500}\" data-widget_type=\"image-carousel.default\">\n\t\t\t\t<div class=\"elementor-widget-container\">\n\t\t\t\t\t\t\t<div class=\"elementor-image-carousel-wrapper swiper\" role=\"region\" aria-roledescription=\"carousel\" aria-label=\"Image Carousel\" dir=\"ltr\">\n\t\t\t<div class=\"elementor-image-carousel swiper-wrapper\" aria-live=\"off\">\n\t\t\t\t\t\t\t\t<div class=\"swiper-slide\" role=\"group\" aria-roledescription=\"slide\" aria-label=\"1 of 8\"><figure class=\"swiper-slide-inner\"><img decoding=\"async\" class=\"swiper-slide-image\" src=\"https:\/\/www.lerelaisdesdeuxvallees.fr\/wp-content\/uploads\/2024\/08\/Lerelaisdesdeuxvallees19.jpg\" alt=\"Lerelaisdesdeuxvall\u00e9es19\" \/><\/figure><\/div><div class=\"swiper-slide\" role=\"group\" aria-roledescription=\"slide\" aria-label=\"2 of 8\"><figure class=\"swiper-slide-inner\"><img decoding=\"async\" class=\"swiper-slide-image\" src=\"https:\/\/www.lerelaisdesdeuxvallees.fr\/wp-content\/uploads\/2024\/08\/Lerelaisdesdeuxvallees11.jpg\" alt=\"Lerelaisdesdeuxvall\u00e9es11\" \/><\/figure><\/div><div class=\"swiper-slide\" role=\"group\" aria-roledescription=\"slide\" aria-label=\"3 of 8\"><figure class=\"swiper-slide-inner\"><img decoding=\"async\" class=\"swiper-slide-image\" src=\"https:\/\/www.lerelaisdesdeuxvallees.fr\/wp-content\/uploads\/2024\/08\/Lerelaisdesdeuxvallees18.jpg\" alt=\"Lerelaisdesdeuxvall\u00e9es18\" \/><\/figure><\/div><div class=\"swiper-slide\" role=\"group\" aria-roledescription=\"slide\" aria-label=\"4 of 8\"><figure class=\"swiper-slide-inner\"><img decoding=\"async\" class=\"swiper-slide-image\" src=\"https:\/\/www.lerelaisdesdeuxvallees.fr\/wp-content\/uploads\/2024\/08\/Lerelaisdesdeuxvallees13.jpg\" alt=\"Lerelaisdesdeuxvall\u00e9es13\" \/><\/figure><\/div><div class=\"swiper-slide\" role=\"group\" aria-roledescription=\"slide\" aria-label=\"5 of 8\"><figure class=\"swiper-slide-inner\"><img decoding=\"async\" class=\"swiper-slide-image\" src=\"https:\/\/www.lerelaisdesdeuxvallees.fr\/wp-content\/uploads\/2024\/08\/Lerelaisdesdeuxvallees09.jpg\" alt=\"Lerelaisdesdeuxvall\u00e9es09\" \/><\/figure><\/div><div class=\"swiper-slide\" role=\"group\" aria-roledescription=\"slide\" aria-label=\"6 of 8\"><figure class=\"swiper-slide-inner\"><img decoding=\"async\" class=\"swiper-slide-image\" src=\"https:\/\/www.lerelaisdesdeuxvallees.fr\/wp-content\/uploads\/2024\/08\/Lerelaisdesdeuxvallees12.jpg\" alt=\"Lerelaisdesdeuxvall\u00e9es12\" \/><\/figure><\/div><div class=\"swiper-slide\" role=\"group\" aria-roledescription=\"slide\" aria-label=\"7 of 8\"><figure class=\"swiper-slide-inner\"><img decoding=\"async\" class=\"swiper-slide-image\" src=\"https:\/\/www.lerelaisdesdeuxvallees.fr\/wp-content\/uploads\/2024\/08\/Lerelaisdesdeuxvallees02.jpg\" alt=\"Lerelaisdesdeuxvall\u00e9es02\" \/><\/figure><\/div><div class=\"swiper-slide\" role=\"group\" aria-roledescription=\"slide\" aria-label=\"8 of 8\"><figure class=\"swiper-slide-inner\"><img decoding=\"async\" class=\"swiper-slide-image\" src=\"https:\/\/www.lerelaisdesdeuxvallees.fr\/wp-content\/uploads\/2024\/08\/Lerelaisdesdeuxvallees14.jpg\" alt=\"Lerelaisdesdeuxvall\u00e9es14\" \/><\/figure><\/div>\t\t\t<\/div>\n\t\t\t\t\t\t\t\t\t\t\t\t<div class=\"elementor-swiper-button elementor-swiper-button-prev\" role=\"button\" tabindex=\"0\">\n\t\t\t\t\t\t<i aria-hidden=\"true\" class=\"eicon-chevron-left\"><\/i>\t\t\t\t\t<\/div>\n\t\t\t\t\t<div class=\"elementor-swiper-button elementor-swiper-button-next\" role=\"button\" tabindex=\"0\">\n\t\t\t\t\t\t<i aria-hidden=\"true\" class=\"eicon-chevron-right\"><\/i>\t\t\t\t\t<\/div>\n\t\t\t\t\n\t\t\t\t\t\t\t\t\t<div class=\"swiper-pagination\"><\/div>\n\t\t\t\t\t\t\t\t\t<\/div>\n\t\t\t\t\t\t<\/div>\n\t\t\t\t<\/div>\n\t\t\t\t\t<\/div>\n\t\t<\/div>\n\t\t\t\t<div class=\"elementor-column elementor-col-50 elementor-top-column elementor-element elementor-element-90756ad\" data-id=\"90756ad\" data-element_type=\"column\" data-e-type=\"column\">\n\t\t\t<div class=\"elementor-widget-wrap elementor-element-populated\">\n\t\t\t\t\t\t<div class=\"elementor-element elementor-element-d99fa98 elementor-widget elementor-widget-text-editor\" data-id=\"d99fa98\" data-element_type=\"widget\" data-e-type=\"widget\" data-widget_type=\"text-editor.default\">\n\t\t\t\t<div class=\"elementor-widget-container\">\n\t\t\t\t\t\t\t\t\t<p class=\"translation-block\">Featuring a <strong>bright dining room with 45 seats<\/strong> and a beautiful <strong>panoramic terrace<\/strong> overlooking the Rivierette Valley, the Relais des Deux Vall\u00e9es restaurant in Salvagnac is the perfect place for romantic dinners, family meals, or business gatherings.<\/p><p class=\"translation-block\">Its dishes, <strong>traditional and gourmet<\/strong>, are made from <strong>fresh and local products<\/strong>.<\/p><p class=\"translation-block\">Regularly organized <strong>themed meals<\/strong> will guide you on a journey of the senses and flavors.<\/p><p class=\"translation-block\">Whether it's for a <strong>wedding, birthday, or any other occasion<\/strong>, the Relais des Deux Vall\u00e9es is also the perfect place to <strong>host your events and receptions<\/strong>.<\/p>\t\t\t\t\t\t\t\t<\/div>\n\t\t\t\t<\/div>\n\t\t\t\t<div class=\"elementor-element elementor-element-8d1b2d3 elementor-align-center elementor-widget elementor-widget-button\" data-id=\"8d1b2d3\" data-element_type=\"widget\" data-e-type=\"widget\" data-widget_type=\"button.default\">\n\t\t\t\t<div class=\"elementor-widget-container\">\n\t\t\t\t\t\t\t\t\t<div class=\"elementor-button-wrapper\">\n\t\t\t\t\t<a class=\"elementor-button elementor-button-link elementor-size-lg\" href=\"tel:+33563336190\">\n\t\t\t\t\t\t<span class=\"elementor-button-content-wrapper\">\n\t\t\t\t\t\t\t\t\t<span class=\"elementor-button-text\">Book a table<\/span>\n\t\t\t\t\t<\/span>\n\t\t\t\t\t<\/a>\n\t\t\t\t<\/div>\n\t\t\t\t\t\t\t\t<\/div>\n\t\t\t\t<\/div>\n\t\t\t\t\t<\/div>\n\t\t<\/div>\n\t\t\t\t\t<\/div>\n\t\t<\/section>\n\t\t\t\t<section class=\"elementor-section elementor-top-section elementor-element elementor-element-956d07d elementor-section-boxed elementor-section-height-default elementor-section-height-default\" data-id=\"956d07d\" data-element_type=\"section\" data-e-type=\"section\">\n\t\t\t\t\t\t<div class=\"elementor-container elementor-column-gap-default\">\n\t\t\t\t\t<div class=\"elementor-column elementor-col-50 elementor-top-column elementor-element elementor-element-6dfa69d\" data-id=\"6dfa69d\" data-element_type=\"column\" data-e-type=\"column\">\n\t\t\t<div class=\"elementor-widget-wrap elementor-element-populated\">\n\t\t\t\t\t\t<div class=\"elementor-element elementor-element-5c796fc elementor-widget elementor-widget-heading\" data-id=\"5c796fc\" data-element_type=\"widget\" data-e-type=\"widget\" data-widget_type=\"heading.default\">\n\t\t\t\t<div class=\"elementor-widget-container\">\n\t\t\t\t\t<h2 class=\"elementor-heading-title elementor-size-default\">Discover Our Menus<\/h2>\t\t\t\t<\/div>\n\t\t\t\t<\/div>\n\t\t\t\t<div class=\"elementor-element elementor-element-87aff19 elementor-widget elementor-widget-text-editor\" data-id=\"87aff19\" data-element_type=\"widget\" data-e-type=\"widget\" data-widget_type=\"text-editor.default\">\n\t\t\t\t<div class=\"elementor-widget-container\">\n\t\t\t\t\t\t\t\t\t<p class=\"translation-block\">Browse our menus to explore the dishes and drinks we serve at the Relais des Deux Vall\u00e9es restaurant. <strong>Vegetarians welcome!<\/strong><\/p><p>If you have allergies or dietary restrictions, please don't hesitate to contact us.<\/p><p>Depending on the events, a special menu is updated (Valentine's Day, Christmas, New Year's Eve, etc.).<\/p><p>To book or for any other information, please call us at:<strong><a href=\"tel:+33563336190\">05 63 33 61 90<\/a><\/strong><\/p>\t\t\t\t\t\t\t\t<\/div>\n\t\t\t\t<\/div>\n\t\t\t\t\t<\/div>\n\t\t<\/div>\n\t\t\t\t<div class=\"elementor-column elementor-col-50 elementor-top-column elementor-element elementor-element-d3f7ba1\" data-id=\"d3f7ba1\" data-element_type=\"column\" data-e-type=\"column\">\n\t\t\t<div class=\"elementor-widget-wrap elementor-element-populated\">\n\t\t\t\t\t\t<div class=\"elementor-element elementor-element-3ef0b6b elementor-widget elementor-widget-shortcode\" data-id=\"3ef0b6b\" data-element_type=\"widget\" data-e-type=\"widget\" data-widget_type=\"shortcode.default\">\n\t\t\t\t<div class=\"elementor-widget-container\">\n\t\t\t\t\t\t\t<div class=\"elementor-shortcode\"><div class=\"dflip-books\"><div class=\"_df_thumb\" id=\"df_698\"  _slug=\"test\" data-title=\"la-carte\" wpoptions=\"true\" thumb=\"https:\/\/www.lerelaisdesdeuxvallees.fr\/wp-content\/uploads\/2020\/06\/carte-menus.jpg\" thumbtype=\"\" >The menu<\/div><script class=\"df-shortcode-script\" nowprocket type=\"application\/javascript\">window.option_df_698 = {\"outline\":[],\"autoEnableOutline\":\"false\",\"autoEnableThumbnail\":\"false\",\"overwritePDFOutline\":\"false\",\"direction\":\"1\",\"pageSize\":\"0\",\"source\":\"https:\\\/\\\/www.lerelaisdesdeuxvallees.fr\\\/wp-content\\\/uploads\\\/2020\\\/02\\\/Carte-et-Menus-1.pdf\",\"wpOptions\":\"true\"}; if(window.DFLIP && window.DFLIP.parseBooks){window.DFLIP.parseBooks();}<\/script><div class=\"_df_thumb\" id=\"df_703\"  _slug=\"carte-speciale\" data-title=\"carte-speciale\" wpoptions=\"true\" thumb=\"https:\/\/www.lerelaisdesdeuxvallees.fr\/wp-content\/uploads\/2020\/06\/carte-speciale.jpg\" thumbtype=\"\" >Carte sp\u00e9ciale<\/div><script class=\"df-shortcode-script\" nowprocket type=\"application\/javascript\">window.option_df_703 = {\"outline\":[],\"autoEnableOutline\":\"false\",\"autoEnableThumbnail\":\"false\",\"overwritePDFOutline\":\"false\",\"direction\":\"1\",\"pageSize\":\"0\",\"source\":\"https:\\\/\\\/www.lerelaisdesdeuxvallees.fr\\\/wp-content\\\/uploads\\\/2020\\\/06\\\/carte-speciale.pdf\",\"wpOptions\":\"true\"}; if(window.DFLIP && window.DFLIP.parseBooks){window.DFLIP.parseBooks();}<\/script><\/div><\/div>\n\t\t\t\t\t\t<\/div>\n\t\t\t\t<\/div>\n\t\t\t\t\t<\/div>\n\t\t<\/div>\n\t\t\t\t\t<\/div>\n\t\t<\/section>\n\t\t\t\t<\/div>","protected":false},"excerpt":{"rendered":"<p>Le restaurant Pr\u00e9c\u00e9dent Suivant Dot\u00e9 d\u2019une salle lumineuse de 45 couverts et d\u2019une tr\u00e8s belle terrasse panoramique donnant sur la vall\u00e9e de la Rivierette, le restaurant Relais des Deux Vall\u00e9es \u00e0 Salvagnac est l\u2019endroit id\u00e9al pour vos repas en amoureux, en famille ou professionnels. Ses plats, traditionnels et gastronomiques, sont \u00e9labor\u00e9s \u00e0 partir de produits [&hellip;]<\/p>\n","protected":false},"author":1,"featured_media":0,"parent":0,"menu_order":0,"comment_status":"closed","ping_status":"closed","template":"","meta":{"footnotes":""},"class_list":["post-194","page","type-page","status-publish","hentry"],"_links":{"self":[{"href":"https:\/\/www.lerelaisdesdeuxvallees.fr\/en\/wp-json\/wp\/v2\/pages\/194","targetHints":{"allow":["GET"]}}],"collection":[{"href":"https:\/\/www.lerelaisdesdeuxvallees.fr\/en\/wp-json\/wp\/v2\/pages"}],"about":[{"href":"https:\/\/www.lerelaisdesdeuxvallees.fr\/en\/wp-json\/wp\/v2\/types\/page"}],"author":[{"embeddable":true,"href":"https:\/\/www.lerelaisdesdeuxvallees.fr\/en\/wp-json\/wp\/v2\/users\/1"}],"replies":[{"embeddable":true,"href":"https:\/\/www.lerelaisdesdeuxvallees.fr\/en\/wp-json\/wp\/v2\/comments?post=194"}],"version-history":[{"count":125,"href":"https:\/\/www.lerelaisdesdeuxvallees.fr\/en\/wp-json\/wp\/v2\/pages\/194\/revisions"}],"predecessor-version":[{"id":4409,"href":"https:\/\/www.lerelaisdesdeuxvallees.fr\/en\/wp-json\/wp\/v2\/pages\/194\/revisions\/4409"}],"wp:attachment":[{"href":"https:\/\/www.lerelaisdesdeuxvallees.fr\/en\/wp-json\/wp\/v2\/media?parent=194"}],"curies":[{"name":"wp","href":"https:\/\/api.w.org\/{rel}","templated":true}]}}